{"id":254,"date":"2024-03-27T22:58:13","date_gmt":"2024-03-27T22:58:13","guid":{"rendered":"https:\/\/fundacionvidasa.cl\/?page_id=254"},"modified":"2024-03-27T22:59:21","modified_gmt":"2024-03-27T22:59:21","slug":"vision","status":"publish","type":"page","link":"https:\/\/fundacionvidasa.cl\/?page_id=254","title":{"rendered":"Vision"},"content":{"rendered":"\t\t<div data-elementor-type=\"wp-page\" data-elementor-id=\"254\" class=\"elementor elementor-254\">\n\t\t\t\t<div class=\"elementor-element elementor-element-dedd4e0 e-flex e-con-boxed e-con e-parent\" data-id=\"dedd4e0\" data-element_type=\"container\" data-core-v316-plus=\"true\">\n\t\t\t\t\t<div class=\"e-con-inner\">\n\t\t<div class=\"elementor-element elementor-element-14236da e-con-full e-flex e-con e-child\" data-id=\"14236da\" data-element_type=\"container\">\n\t\t\t\t<div class=\"elementor-element elementor-element-4144dc4 elementor-widget elementor-widget-heading\" data-id=\"4144dc4\" data-element_type=\"widget\" data-widget_type=\"heading.default\">\n\t\t\t\t<div class=\"elementor-widget-container\">\n\t\t\t<style>\/*! elementor - v3.20.0 - 26-03-2024 *\/\n.elementor-heading-title{padding:0;margin:0;line-height:1}.elementor-widget-heading .elementor-heading-title[class*=elementor-size-]>a{color:inherit;font-size:inherit;line-height:inherit}.elementor-widget-heading .elementor-heading-title.elementor-size-small{font-size:15px}.elementor-widget-heading .elementor-heading-title.elementor-size-medium{font-size:19px}.elementor-widget-heading .elementor-heading-title.elementor-size-large{font-size:29px}.elementor-widget-heading .elementor-heading-title.elementor-size-xl{font-size:39px}.elementor-widget-heading .elementor-heading-title.elementor-size-xxl{font-size:59px}<\/style><h2 class=\"elementor-heading-title elementor-size-default\">Visi\u00f3n<\/h2>\t\t<\/div>\n\t\t\t\t<\/div>\n\t\t\t\t<div class=\"elementor-element elementor-element-b2d9e9e elementor-widget elementor-widget-text-editor\" data-id=\"b2d9e9e\" data-element_type=\"widget\" data-widget_type=\"text-editor.default\">\n\t\t\t\t<div class=\"elementor-widget-container\">\n\t\t\t<style>\/*! elementor - v3.20.0 - 26-03-2024 *\/\n.elementor-widget-text-editor.elementor-drop-cap-view-stacked .elementor-drop-cap{background-color:#69727d;color:#fff}.elementor-widget-text-editor.elementor-drop-cap-view-framed .elementor-drop-cap{color:#69727d;border:3px solid;background-color:transparent}.elementor-widget-text-editor:not(.elementor-drop-cap-view-default) .elementor-drop-cap{margin-top:8px}.elementor-widget-text-editor:not(.elementor-drop-cap-view-default) .elementor-drop-cap-letter{width:1em;height:1em}.elementor-widget-text-editor .elementor-drop-cap{float:left;text-align:center;line-height:1;font-size:50px}.elementor-widget-text-editor .elementor-drop-cap-letter{display:inline-block}<\/style>\t\t\t\t<p>Como Fundaci\u00f3n esperamos ser un socio y aliado estrat\u00e9gico entre los distintos actores territoriales, Privados, P\u00fablicos, sociedad Civil, quienes contribuyan al desarrollo e integraci\u00f3n de los territorios y de los grupos sociales vulnerables dentro de la regi\u00f3n de Ays\u00e9n y el pa\u00eds. Y proponer, fortalecer y potenciar acciones, planes, intervenciones que vayan en directo beneficio de esta poblaci\u00f3n. Generando as\u00ed un trabajo en red, que permita fortalecer el trabajo que venimos desarrollando. Una fundaci\u00f3n que trabaja de manera organizada y que brinda los espacios de participaci\u00f3n en el proceso de intervenci\u00f3n con los grupos vulnerables. Una fundaci\u00f3n que trabaja en red con las dem\u00e1s organizaciones e instituciones del estado. Un equipo humano comprometido con los valores del respeto, cuidado y responsabilidad en el trabajo con los grupos vulnerables. Que desarrolla acciones de intervenci\u00f3n planificadas a mediano y largo plazo.<\/p><div>\u00a0<\/div>\t\t\t\t\t\t<\/div>\n\t\t\t\t<\/div>\n\t\t\t\t<\/div>\n\t\t<div class=\"elementor-element elementor-element-1992cb0 e-con-full e-flex e-con e-child\" data-id=\"1992cb0\" data-element_type=\"container\">\n\t\t\t\t<div class=\"elementor-element elementor-element-42c2a52 elementor-widget elementor-widget-image\" data-id=\"42c2a52\" data-element_type=\"widget\" data-widget_type=\"image.default\">\n\t\t\t\t<div class=\"elementor-widget-container\">\n\t\t\t<style>\/*! elementor - v3.20.0 - 26-03-2024 *\/\n.elementor-widget-image{text-align:center}.elementor-widget-image a{display:inline-block}.elementor-widget-image a img[src$=\".svg\"]{width:48px}.elementor-widget-image img{vertical-align:middle;display:inline-block}<\/style>\t\t\t\t\t\t\t\t\t\t<img fetchpriority=\"high\" decoding=\"async\" width=\"1024\" height=\"769\" src=\"https:\/\/fundacionvidasa.cl\/wp-content\/uploads\/2024\/03\/IMG-20240327-WA0007-1024x769.jpg\" class=\"attachment-large size-large wp-image-224\" alt=\"\" srcset=\"https:\/\/fundacionvidasa.cl\/wp-content\/uploads\/2024\/03\/IMG-20240327-WA0007-1024x769.jpg 1024w, https:\/\/fundacionvidasa.cl\/wp-content\/uploads\/2024\/03\/IMG-20240327-WA0007-300x225.jpg 300w, https:\/\/fundacionvidasa.cl\/wp-content\/uploads\/2024\/03\/IMG-20240327-WA0007-768x577.jpg 768w, https:\/\/fundacionvidasa.cl\/wp-content\/uploads\/2024\/03\/IMG-20240327-WA0007.jpg 1280w\" sizes=\"(max-width: 1024px) 100vw, 1024px\" \/>\t\t\t\t\t\t\t\t\t\t\t\t\t<\/div>\n\t\t\t\t<\/div>\n\t\t\t\t<\/div>\n\t\t\t\t\t<\/div>\n\t\t\t\t<\/div>\n\t\t\t\t<\/div>\n\t\t","protected":false},"excerpt":{"rendered":"<p>Visi\u00f3n Como Fundaci\u00f3n esperamos ser un socio y aliado estrat\u00e9gico entre los distintos actores territoriales, Privados, P\u00fablicos, sociedad Civil, quienes contribuyan al desarrollo e integraci\u00f3n de los territorios y de los grupos sociales vulnerables dentro de la regi\u00f3n de Ays\u00e9n y el pa\u00eds. Y proponer, fortalecer y potenciar acciones, planes, intervenciones que vayan en directo [&hellip;]<\/p>\n","protected":false},"author":1,"featured_media":0,"parent":0,"menu_order":0,"comment_status":"closed","ping_status":"closed","template":"","meta":{"site-sidebar-layout":"no-sidebar","site-content-layout":"","ast-site-content-layout":"full-width-container","site-content-style":"default","site-sidebar-style":"default","ast-global-header-display":"","ast-banner-title-visibility":"","ast-main-header-display":"","ast-hfb-above-header-display":"","ast-hfb-below-header-display":"","ast-hfb-mobile-header-display":"","site-post-title":"disabled","ast-breadcrumbs-content":"","ast-featured-img":"disabled","footer-sml-layout":"","theme-transparent-header-meta":"","adv-header-id-meta":"","stick-header-meta":"","header-above-stick-meta":"","header-main-stick-meta":"","header-below-stick-meta":"","astra-migrate-meta-layouts":"default","ast-page-background-enabled":"default","ast-page-background-meta":{"desktop":{"background-color":"var(--ast-global-color-4)","background-image":"","background-repeat":"repeat","background-position":"center center","background-size":"auto","background-attachment":"scroll","background-type":"","background-media":"","overlay-type":"","overlay-color":"","overlay-gradient":""},"tablet":{"background-color":"","background-image":"","background-repeat":"repeat","background-position":"center center","background-size":"auto","background-attachment":"scroll","background-type":"","background-media":"","overlay-type":"","overlay-color":"","overlay-gradient":""},"mobile":{"background-color":"","background-image":"","background-repeat":"repeat","background-position":"center center","background-size":"auto","background-attachment":"scroll","background-type":"","background-media":"","overlay-type":"","overlay-color":"","overlay-gradient":""}},"ast-content-background-meta":{"desktop":{"background-color":"var(--ast-global-color-5)","background-image":"","background-repeat":"repeat","background-position":"center center","background-size":"auto","background-attachment":"scroll","background-type":"","background-media":"","overlay-type":"","overlay-color":"","overlay-gradient":""},"tablet":{"background-color":"var(--ast-global-color-5)","background-image":"","background-repeat":"repeat","background-position":"center center","background-size":"auto","background-attachment":"scroll","background-type":"","background-media":"","overlay-type":"","overlay-color":"","overlay-gradient":""},"mobile":{"background-color":"var(--ast-global-color-5)","background-image":"","background-repeat":"repeat","background-position":"center center","background-size":"auto","background-attachment":"scroll","background-type":"","background-media":"","overlay-type":"","overlay-color":"","overlay-gradient":""}},"footnotes":""},"class_list":["post-254","page","type-page","status-publish","hentry"],"_links":{"self":[{"href":"https:\/\/fundacionvidasa.cl\/index.php?rest_route=\/wp\/v2\/pages\/254","targetHints":{"allow":["GET"]}}],"collection":[{"href":"https:\/\/fundacionvidasa.cl\/index.php?rest_route=\/wp\/v2\/pages"}],"about":[{"href":"https:\/\/fundacionvidasa.cl\/index.php?rest_route=\/wp\/v2\/types\/page"}],"author":[{"embeddable":true,"href":"https:\/\/fundacionvidasa.cl\/index.php?rest_route=\/wp\/v2\/users\/1"}],"replies":[{"embeddable":true,"href":"https:\/\/fundacionvidasa.cl\/index.php?rest_route=%2Fwp%2Fv2%2Fcomments&post=254"}],"version-history":[{"count":4,"href":"https:\/\/fundacionvidasa.cl\/index.php?rest_route=\/wp\/v2\/pages\/254\/revisions"}],"predecessor-version":[{"id":258,"href":"https:\/\/fundacionvidasa.cl\/index.php?rest_route=\/wp\/v2\/pages\/254\/revisions\/258"}],"wp:attachment":[{"href":"https:\/\/fundacionvidasa.cl\/index.php?rest_route=%2Fwp%2Fv2%2Fmedia&parent=254"}],"curies":[{"name":"wp","href":"https:\/\/api.w.org\/{rel}","templated":true}]}}